{"id":1443,"date":"2019-02-14T11:13:26","date_gmt":"2019-02-14T11:13:26","guid":{"rendered":"https:\/\/hairandbeautystudio.ch\/mentions-legales\/"},"modified":"2019-02-14T11:13:31","modified_gmt":"2019-02-14T11:13:31","slug":"mentions-legales","status":"publish","type":"page","link":"https:\/\/hairandbeautystudio.ch\/fr\/mentions-legales\/","title":{"rendered":"Mentions l\u00e9gales"},"content":{"rendered":"<p>[et_pb_section fb_built=\u00a0\u00bb1&Prime; admin_label=\u00a0\u00bbsection\u00a0\u00bb _builder_version=\u00a0\u00bb3.0.47&Prime;][et_pb_row _builder_version=\u00a0\u00bb3.19&Prime;][et_pb_column type=\u00a0\u00bb4_4&Prime; _builder_version=\u00a0\u00bb3.19&Prime; parallax=\u00a0\u00bboff\u00a0\u00bb parallax_method=\u00a0\u00bbon\u00a0\u00bb][et_pb_image src=\u00a0\u00bbhttps:\/\/hairandbeautystudio.ch\/wp-content\/uploads\/2018\/08\/ms-icon-310&#215;310.png\u00a0\u00bb _builder_version=\u00a0\u00bb3.19&Prime;][\/et_pb_image][\/et_pb_column][\/et_pb_row][et_pb_row admin_label=\u00a0\u00bbrow\u00a0\u00bb _builder_version=\u00a0\u00bb3.0.48&Prime; background_size=\u00a0\u00bbinitial\u00a0\u00bb background_position=\u00a0\u00bbtop_left\u00a0\u00bb background_repeat=\u00a0\u00bbrepeat\u00a0\u00bb][et_pb_column type=\u00a0\u00bb4_4&Prime; _builder_version=\u00a0\u00bb3.0.47&Prime; parallax=\u00a0\u00bboff\u00a0\u00bb parallax_method=\u00a0\u00bbon\u00a0\u00bb][et_pb_text admin_label=\u00a0\u00bbText\u00a0\u00bb _builder_version=\u00a0\u00bb3.0.74&Prime; background_size=\u00a0\u00bbinitial\u00a0\u00bb background_position=\u00a0\u00bbtop_left\u00a0\u00bb background_repeat=\u00a0\u00bbrepeat\u00a0\u00bb]<\/p>\n<h2>Exploitant du site Web:<\/h2>\n<p><b>Swiss Education Company GmbH<br \/><\/b>D\u00fcbendorfstrasse 2<br \/> 8051 Zurich<\/p>\n<p><b>T\u00e9l:<\/b> 044 \/ 340 10 70<br \/> <b>Adresse e-mail:<\/b> <a title=\"\" href=\"mailto:info@sbacademy.ch\" target=\"_blank\" rel=\"noopener noreferrer\">info@sbacademy.ch<\/a><\/p>\n<p>&nbsp;<\/p>\n<h3>Clause de non-responsabilit\u00e9:<\/h3>\n<p>Le plus grand soin est apport\u00e9 au contenu de ce site web. Toute responsabilit\u00e9 quant au contenu est n\u00e9anmoins exclue. Sous r\u00e9serve de fautes d&rsquo;impression, d&rsquo;erreurs et de modifications. Le contenu est soumis au droit d&rsquo;auteur. Nous d\u00e9clinons toute responsabilit\u00e9 concernant les contenus de liens externes. Les exploitants sont seuls responsables du contenu des pages li\u00e9es.<\/p>\n<p>[\/et_pb_text][\/et_pb_column][\/et_pb_row][\/et_pb_section]<\/p>\n","protected":false},"excerpt":{"rendered":"<p>Exploitant du site Web: Swiss Education Company GmbHD\u00fcbendorfstrasse 2 8051 Zurich T\u00e9l: 044 \/ 340 10 70 Adresse e-mail: info@sbacademy.ch &nbsp; Clause de non-responsabilit\u00e9: Le plus grand soin est apport\u00e9 au contenu de ce site web. Toute responsabilit\u00e9 quant au contenu est n\u00e9anmoins exclue. Sous r\u00e9serve de fautes d&rsquo;impression, d&rsquo;erreurs et de modifications. Le contenu [&hellip;]<\/p>\n","protected":false},"author":1,"featured_media":0,"parent":0,"menu_order":0,"comment_status":"closed","ping_status":"closed","template":"","meta":{"_et_pb_use_builder":"on","_et_pb_old_content":"<h2>Betreiber der Webseite:<\/h2>\r\n<b>Swiss Education Company GmbH\r\n<\/b>D\u00fcbendorfstrasse 2\r\n8051 Z\u00fcrich\r\n\r\n<b>Tel:<\/b>\u00a0044 \/ 340 10 70\r\n<b>E-Mail:<\/b>\u00a0<a title=\"\" href=\"mailto:info@sbacademy.ch\" target=\"_blank\" rel=\"noopener noreferrer\">info@sbacademy.ch<\/a>\r\n\r\n&nbsp;\r\n<h3>Haftungsausschluss:<\/h3>\r\nDer Inhalt dieser Webseiten wird mit gr\u00f6sstm\u00f6glicher Sorgfalt gepflegt. Trotzdem wird f\u00fcr den Inhalt keine Haftung \u00fcbernommen. Druckfehler, Irrt\u00fcmer und \u00c4nderungen vorbehalten. Der Inhalt ist urheberrechtlich gesch\u00fctzt.\u00a0 F\u00fcr die Inhalte externer Links \u00fcbernehmen wir keine Haftung. F\u00fcr den Inhalt der verlinkten Seiten sind ausschliesslich deren Betreiber verantwortlich.","_et_gb_content_width":"","footnotes":""},"class_list":["post-1443","page","type-page","status-publish","hentry"],"_links":{"self":[{"href":"https:\/\/hairandbeautystudio.ch\/fr\/wp-json\/wp\/v2\/pages\/1443","targetHints":{"allow":["GET"]}}],"collection":[{"href":"https:\/\/hairandbeautystudio.ch\/fr\/wp-json\/wp\/v2\/pages"}],"about":[{"href":"https:\/\/hairandbeautystudio.ch\/fr\/wp-json\/wp\/v2\/types\/page"}],"author":[{"embeddable":true,"href":"https:\/\/hairandbeautystudio.ch\/fr\/wp-json\/wp\/v2\/users\/1"}],"replies":[{"embeddable":true,"href":"https:\/\/hairandbeautystudio.ch\/fr\/wp-json\/wp\/v2\/comments?post=1443"}],"version-history":[{"count":0,"href":"https:\/\/hairandbeautystudio.ch\/fr\/wp-json\/wp\/v2\/pages\/1443\/revisions"}],"wp:attachment":[{"href":"https:\/\/hairandbeautystudio.ch\/fr\/wp-json\/wp\/v2\/media?parent=1443"}],"curies":[{"name":"wp","href":"https:\/\/api.w.org\/{rel}","templated":true}]}}