{"id":1444,"date":"2019-02-14T11:19:08","date_gmt":"2019-02-14T11:19:08","guid":{"rendered":"https:\/\/hairandbeautystudio.ch\/coiffeur\/"},"modified":"2019-02-14T12:47:16","modified_gmt":"2019-02-14T12:47:16","slug":"coiffeur","status":"publish","type":"page","link":"https:\/\/hairandbeautystudio.ch\/fr\/coiffeur\/","title":{"rendered":"Coiffeur"},"content":{"rendered":"<p>[et_pb_section fb_built=\u00a0\u00bb1&Prime; custom_padding_last_edited=\u00a0\u00bbon|tablet\u00a0\u00bb next_background_color=\u00a0\u00bb#ffffff\u00a0\u00bb _builder_version=\u00a0\u00bb3.8&Prime; background_color=\u00a0\u00bb#27323a\u00a0\u00bb background_image=\u00a0\u00bbhttps:\/\/hairandbeautystudio.ch\/wp-content\/uploads\/2018\/07\/hairdress-main-banner.jpg\u00a0\u00bb custom_padding=\u00a0\u00bb250px||150px||false|false\u00a0\u00bb custom_padding_tablet=\u00a0\u00bb300px||150px|\u00a0\u00bb][et_pb_row make_fullwidth=\u00a0\u00bbon\u00a0\u00bb _builder_version=\u00a0\u00bb3.8&Prime;][et_pb_column type=\u00a0\u00bb2_3&Prime; _builder_version=\u00a0\u00bb3.0.47&Prime;][\/et_pb_column][et_pb_column type=\u00a0\u00bb1_3&Prime; _builder_version=\u00a0\u00bb3.0.47&Prime;][et_pb_cta title=\u00a0\u00bb50% de r\u00e9duction sur les prestations de coiffure\u00a0\u00bb button_url=\u00a0\u00bbhttps:\/\/outlook.office365.com\/owa\/calendar\/HairBeautyStudioLausanne@hairandbeautystudio.ch\/bookings\/\u00a0\u00bb button_text=\u00a0\u00bbR\u00e9servez et confirmez votre rendez-vous d\u00e8s maintenant!\u00a0\u00bb _builder_version=\u00a0\u00bb3.19.14&Prime; header_level=\u00a0\u00bbh1&Prime; header_font=\u00a0\u00bb||||||||\u00a0\u00bb header_font_size=\u00a0\u00bb36px\u00a0\u00bb header_font_size_tablet=\u00a0\u00bb30px\u00a0\u00bb header_font_size_phone=\u00a0\u00bb26px\u00a0\u00bb header_font_size_last_edited=\u00a0\u00bbon|phone\u00a0\u00bb header_text_shadow_style=\u00a0\u00bbpreset2&Prime; body_font=\u00a0\u00bb||||||||\u00a0\u00bb body_font_size=\u00a0\u00bb20px\u00a0\u00bb body_font_size_tablet=\u00a0\u00bb18px\u00a0\u00bb body_font_size_phone=\u00a0\u00bb16px\u00a0\u00bb body_font_size_last_edited=\u00a0\u00bbon|tablet\u00a0\u00bb body_letter_spacing=\u00a0\u00bb1px\u00a0\u00bb body_line_height=\u00a0\u00bb1.3em\u00a0\u00bb custom_button=\u00a0\u00bbon\u00a0\u00bb button_text_size=\u00a0\u00bb20px\u00a0\u00bb button_font=\u00a0\u00bb||||||||\u00a0\u00bb button_use_icon=\u00a0\u00bboff\u00a0\u00bb button_text_size_tablet=\u00a0\u00bb19px\u00a0\u00bb button_text_size_phone=\u00a0\u00bb16px\u00a0\u00bb button_text_size_last_edited=\u00a0\u00bbon|desktop\u00a0\u00bb button_text_shadow_style=\u00a0\u00bbpreset1&Prime; box_shadow_style_button=\u00a0\u00bbpreset2&Prime; box_shadow_horizontal_button=\u00a0\u00bb4px\u00a0\u00bb box_shadow_vertical_button=\u00a0\u00bb4px\u00a0\u00bb box_shadow_spread_button=\u00a0\u00bb-2px\u00a0\u00bb custom_margin=\u00a0\u00bb|||\u00a0\u00bb custom_margin_tablet=\u00a0\u00bb||-170px|\u00a0\u00bb custom_margin_last_edited=\u00a0\u00bbon|tablet\u00a0\u00bb custom_padding=\u00a0\u00bb|40px||40px\u00a0\u00bb custom_padding_tablet=\u00a0\u00bb15px|20px|15px|20px\u00a0\u00bb custom_padding_last_edited=\u00a0\u00bbon|tablet\u00a0\u00bb text_shadow_style=\u00a0\u00bbpreset5&Prime; button_text_size__hover_enabled=\u00a0\u00bboff\u00a0\u00bb button_one_text_size__hover_enabled=\u00a0\u00bboff\u00a0\u00bb button_two_text_size__hover_enabled=\u00a0\u00bboff\u00a0\u00bb button_text_color__hover_enabled=\u00a0\u00bboff\u00a0\u00bb button_one_text_color__hover_enabled=\u00a0\u00bboff\u00a0\u00bb button_two_text_color__hover_enabled=\u00a0\u00bboff\u00a0\u00bb button_border_width__hover_enabled=\u00a0\u00bboff\u00a0\u00bb button_one_border_width__hover_enabled=\u00a0\u00bboff\u00a0\u00bb button_two_border_width__hover_enabled=\u00a0\u00bboff\u00a0\u00bb button_border_color__hover_enabled=\u00a0\u00bboff\u00a0\u00bb button_one_border_color__hover_enabled=\u00a0\u00bboff\u00a0\u00bb button_two_border_color__hover_enabled=\u00a0\u00bboff\u00a0\u00bb button_border_radius__hover_enabled=\u00a0\u00bboff\u00a0\u00bb button_one_border_radius__hover_enabled=\u00a0\u00bboff\u00a0\u00bb button_two_border_radius__hover_enabled=\u00a0\u00bboff\u00a0\u00bb button_letter_spacing__hover_enabled=\u00a0\u00bboff\u00a0\u00bb button_one_letter_spacing__hover_enabled=\u00a0\u00bboff\u00a0\u00bb button_two_letter_spacing__hover_enabled=\u00a0\u00bboff\u00a0\u00bb button_bg_color__hover_enabled=\u00a0\u00bboff\u00a0\u00bb button_one_bg_color__hover_enabled=\u00a0\u00bboff\u00a0\u00bb button_two_bg_color__hover_enabled=\u00a0\u00bboff\u00a0\u00bb]<\/p>\n<p>Afin que les \u00e9l\u00e8ves puissent acqu\u00e9rir de l\u2019exp\u00e9rience dans notre Beauty Academy, nous recherchons en permanence des mod\u00e8les souhaitant b\u00e9n\u00e9ficier de tarifs fortement r\u00e9duits.<\/p>\n<p>[\/et_pb_cta][\/et_pb_column][\/et_pb_row][\/et_pb_section][et_pb_section fb_built=\u00a0\u00bb1&Prime; prev_background_color=\u00a0\u00bb#27323a\u00a0\u00bb next_background_color=\u00a0\u00bb#f7f9fb\u00a0\u00bb _builder_version=\u00a0\u00bb3.8&Prime; background_color=\u00a0\u00bb#ffffff\u00a0\u00bb background_color_gradient_direction=\u00a0\u00bb1deg\u00a0\u00bb custom_padding=\u00a0\u00bb2px|0px|2px|0px\u00a0\u00bb][et_pb_row make_fullwidth=\u00a0\u00bbon\u00a0\u00bb _builder_version=\u00a0\u00bb3.8&Prime;][et_pb_column type=\u00a0\u00bb1_2&Prime; _builder_version=\u00a0\u00bb3.0.47&Prime;][et_pb_image src=\u00a0\u00bbhttps:\/\/hairandbeautystudio.ch\/wp-content\/uploads\/2018\/07\/hairdresser-2-1429024.jpg\u00a0\u00bb align=\u00a0\u00bbcenter\u00a0\u00bb _builder_version=\u00a0\u00bb3.8&Prime; box_shadow_style=\u00a0\u00bbpreset2&Prime;][\/et_pb_image][\/et_pb_column][et_pb_column type=\u00a0\u00bb1_2&Prime; _builder_version=\u00a0\u00bb3.0.47&Prime;][et_pb_text ul_type=\u00a0\u00bbcircle\u00a0\u00bb ul_item_indent=\u00a0\u00bb10px\u00a0\u00bb _builder_version=\u00a0\u00bb3.18&Prime; text_font=\u00a0\u00bb||||||||\u00a0\u00bb ul_font=\u00a0\u00bb||||||||\u00a0\u00bb ul_font_size=\u00a0\u00bb20px\u00a0\u00bb ul_font_size_phone=\u00a0\u00bb16px\u00a0\u00bb ul_font_size_last_edited=\u00a0\u00bbon|phone\u00a0\u00bb ul_line_height=\u00a0\u00bb2em\u00a0\u00bb header_font=\u00a0\u00bb||||||||\u00a0\u00bb custom_padding=\u00a0\u00bb50px|||\u00a0\u00bb custom_padding_tablet=\u00a0\u00bb20px|||\u00a0\u00bb custom_padding_last_edited=\u00a0\u00bbon|phone\u00a0\u00bb animation_style=\u00a0\u00bbfade\u00a0\u00bb animation_direction=\u00a0\u00bbright\u00a0\u00bb animation_speed_curve=\u00a0\u00bbease-in\u00a0\u00bb]<\/p>\n<ul>\n<li><span><strong>50% de r\u00e9duction <\/strong> sur les prestations de coiffure classiques en vous portant volontaire comme mod\u00e8le dans notre \u00e9cole de coiffure<\/span><\/li>\n<li><span>La prestation sera donc effectu\u00e9e par une personne en formation sous la supervision d\u2019un formateur en coiffure sp\u00e9cialis\u00e9<\/span><\/li>\n<li><span>L\u2019id\u00e9al pour investir moins d\u2019argent moyennant un peu plus de votre temps!<\/span><\/li>\n<li>Salon de coiffure multilingue: notre personnel est polyglotte<\/li>\n<li>Utilisation de produits de coiffure de grande qualit\u00e9<\/li>\n<li><span>Situation centrale \u00e0 Zurich comme \u00e0 Lausanne<\/span><\/li>\n<\/ul>\n<p>[\/et_pb_text][\/et_pb_column][\/et_pb_row][\/et_pb_section][et_pb_section fb_built=\u00a0\u00bb1&Prime; prev_background_color=\u00a0\u00bb#ffffff\u00a0\u00bb next_background_color=\u00a0\u00bb#000000&Prime; _builder_version=\u00a0\u00bb3.8&Prime; background_color=\u00a0\u00bb#f7f9fb\u00a0\u00bb][et_pb_row make_fullwidth=\u00a0\u00bbon\u00a0\u00bb _builder_version=\u00a0\u00bb3.8&Prime;][et_pb_column type=\u00a0\u00bb1_2&Prime; _builder_version=\u00a0\u00bb3.0.47&Prime;][et_pb_text ul_type=\u00a0\u00bbcircle\u00a0\u00bb ul_item_indent=\u00a0\u00bb10px\u00a0\u00bb _builder_version=\u00a0\u00bb3.11.1&Prime; text_font=\u00a0\u00bb||||||||\u00a0\u00bb ul_font=\u00a0\u00bb||||||||\u00a0\u00bb ul_font_size=\u00a0\u00bb20px\u00a0\u00bb ul_font_size_phone=\u00a0\u00bb16px\u00a0\u00bb ul_font_size_last_edited=\u00a0\u00bbon|phone\u00a0\u00bb ul_line_height=\u00a0\u00bb2em\u00a0\u00bb header_font=\u00a0\u00bb||||||||\u00a0\u00bb custom_padding=\u00a0\u00bb50px|||\u00a0\u00bb custom_padding_tablet=\u00a0\u00bb20px|||\u00a0\u00bb custom_padding_last_edited=\u00a0\u00bbon|phone\u00a0\u00bb animation_style=\u00a0\u00bbfade\u00a0\u00bb animation_direction=\u00a0\u00bbright\u00a0\u00bb animation_speed_curve=\u00a0\u00bbease-in\u00a0\u00bb]<\/p>\n<h1 class=\"more-space\"><strong>Coiffeur pour femme<\/strong><\/h1>\n<ul>\n<li>Nous r\u00e9pondons aux plus hautes exigences des clientes quant \u00e0 la coupe, la couleur et le style<\/li>\n<li><span>Que ce soit sur cheveux courts, longs ou mi-longs, nos professionnels des ciseaux doivent pouvoir proposer en permanence les nouvelles tendances, coupes, styles et derni\u00e8res techniques de coloration, et ce quelle que soit la longueur et la texture des cheveux<\/span><\/li>\n<li>Nos prestations incluent la coupe, le coiffage et les diff\u00e9rents types de coloration<\/li>\n<\/ul>\n<p>[\/et_pb_text][\/et_pb_column][et_pb_column type=\u00a0\u00bb1_2&Prime; _builder_version=\u00a0\u00bb3.0.47&Prime;][et_pb_image src=\u00a0\u00bbhttps:\/\/hairandbeautystudio.ch\/wp-content\/uploads\/2018\/08\/21001550_xl-new.jpg\u00a0\u00bb _builder_version=\u00a0\u00bb3.12.2&Prime; box_shadow_style=\u00a0\u00bbpreset3&Prime; module_alignment=\u00a0\u00bbright\u00a0\u00bb][\/et_pb_image][\/et_pb_column][\/et_pb_row][\/et_pb_section][et_pb_section fb_built=\u00a0\u00bb1&Prime; prev_background_color=\u00a0\u00bb#000000&Prime; next_background_color=\u00a0\u00bb#000000&Prime; _builder_version=\u00a0\u00bb3.8&Prime; background_color=\u00a0\u00bb#f7f9fb\u00a0\u00bb][et_pb_row make_fullwidth=\u00a0\u00bbon\u00a0\u00bb _builder_version=\u00a0\u00bb3.8&Prime;][et_pb_column type=\u00a0\u00bb1_2&Prime; _builder_version=\u00a0\u00bb3.0.47&Prime;][et_pb_image src=\u00a0\u00bbhttps:\/\/hairandbeautystudio.ch\/wp-content\/uploads\/2018\/08\/70737313_xl-1-new.jpg\u00a0\u00bb _builder_version=\u00a0\u00bb3.12.2&Prime; box_shadow_style=\u00a0\u00bbpreset3&Prime; module_alignment=\u00a0\u00bbright\u00a0\u00bb][\/et_pb_image][\/et_pb_column][et_pb_column type=\u00a0\u00bb1_2&Prime; _builder_version=\u00a0\u00bb3.0.47&Prime;][et_pb_text ul_type=\u00a0\u00bbcircle\u00a0\u00bb ul_item_indent=\u00a0\u00bb10px\u00a0\u00bb _builder_version=\u00a0\u00bb3.11.1&Prime; text_font=\u00a0\u00bb||||||||\u00a0\u00bb ul_font=\u00a0\u00bb||||||||\u00a0\u00bb ul_font_size=\u00a0\u00bb20px\u00a0\u00bb ul_font_size_phone=\u00a0\u00bb16px\u00a0\u00bb ul_font_size_last_edited=\u00a0\u00bbon|phone\u00a0\u00bb ul_line_height=\u00a0\u00bb2em\u00a0\u00bb header_font=\u00a0\u00bb||||||||\u00a0\u00bb custom_padding=\u00a0\u00bb50px|||\u00a0\u00bb custom_padding_tablet=\u00a0\u00bb20px|||\u00a0\u00bb custom_padding_last_edited=\u00a0\u00bbon|phone\u00a0\u00bb animation_style=\u00a0\u00bbfade\u00a0\u00bb animation_direction=\u00a0\u00bbright\u00a0\u00bb animation_speed_curve=\u00a0\u00bbease-in\u00a0\u00bb]<\/p>\n<h1 class=\"entry-title\"><strong>Coiffeur pour homme<\/strong><\/h1>\n<ul>\n<li>Coiffeur pour homme \u00e0 prix int\u00e9ressant proposant des coupes tendance<\/li>\n<li>Coupe homme tendance \u00e0 prix abordable<\/li>\n<li>Nos prestations incluent la coupe, la coloration permanente ou temporaire, les m\u00e8ches, la permanente et la taille de la barbe<\/li>\n<\/ul>\n<p>[\/et_pb_text][\/et_pb_column][\/et_pb_row][\/et_pb_section][et_pb_section fb_built=\u00a0\u00bb1&Prime; inner_shadow=\u00a0\u00bbon\u00a0\u00bb prev_background_color=\u00a0\u00bb#000000&Prime; next_background_color=\u00a0\u00bb#ffffff\u00a0\u00bb _builder_version=\u00a0\u00bb3.8&Prime; background_color=\u00a0\u00bb#f7f9fb\u00a0\u00bb custom_padding=\u00a0\u00bb0px|5px|39px|0px|false|false\u00a0\u00bb][et_pb_row make_fullwidth=\u00a0\u00bbon\u00a0\u00bb custom_padding=\u00a0\u00bb27px|0px|27px|0|false|false\u00a0\u00bb _builder_version=\u00a0\u00bb3.11.1&Prime;][et_pb_column type=\u00a0\u00bb1_2&Prime; _builder_version=\u00a0\u00bb3.0.47&Prime;][et_pb_text ul_type=\u00a0\u00bbcircle\u00a0\u00bb ul_item_indent=\u00a0\u00bb10px\u00a0\u00bb _builder_version=\u00a0\u00bb3.11.1&Prime; text_font=\u00a0\u00bb||||||||\u00a0\u00bb ul_font=\u00a0\u00bb||||||||\u00a0\u00bb ul_font_size=\u00a0\u00bb20px\u00a0\u00bb ul_font_size_phone=\u00a0\u00bb16px\u00a0\u00bb ul_font_size_last_edited=\u00a0\u00bbon|phone\u00a0\u00bb ul_line_height=\u00a0\u00bb2em\u00a0\u00bb header_font=\u00a0\u00bb||||||||\u00a0\u00bb custom_padding=\u00a0\u00bb50px|||\u00a0\u00bb custom_padding_tablet=\u00a0\u00bb20px|||\u00a0\u00bb custom_padding_last_edited=\u00a0\u00bbon|phone\u00a0\u00bb animation_style=\u00a0\u00bbfade\u00a0\u00bb animation_direction=\u00a0\u00bbright\u00a0\u00bb animation_speed_curve=\u00a0\u00bbease-in\u00a0\u00bb]<\/p>\n<h1><span><strong>Coiffeur pour enfant<\/strong><\/span><\/h1>\n<ul>\n<li>Coupe de cheveux enfant \u00e0 prix r\u00e9duit<\/li>\n<li>Des coiffures originales et tendance pour des enfants plus confiants et heureux de vivre<\/li>\n<li>Nos prestations incluent des coupes enfants ainsi que d\u2019autres services de coiffure pour homme<\/li>\n<\/ul>\n<p>[\/et_pb_text][\/et_pb_column][et_pb_column type=\u00a0\u00bb1_2&Prime; _builder_version=\u00a0\u00bb3.0.47&Prime;][et_pb_image src=\u00a0\u00bbhttps:\/\/hairandbeautystudio.ch\/wp-content\/uploads\/2018\/08\/hairdress-kid-new.jpg\u00a0\u00bb _builder_version=\u00a0\u00bb3.12.2&Prime; box_shadow_style=\u00a0\u00bbpreset3&Prime; max_width=\u00a0\u00bb80%\u00a0\u00bb max_width_last_edited=\u00a0\u00bbon|phone\u00a0\u00bb module_alignment=\u00a0\u00bbleft\u00a0\u00bb][\/et_pb_image][\/et_pb_column][\/et_pb_row][\/et_pb_section][et_pb_section fb_built=\u00a0\u00bb1&Prime; prev_background_color=\u00a0\u00bb#f7f9fb\u00a0\u00bb next_background_color=\u00a0\u00bb#4843d2&Prime; _builder_version=\u00a0\u00bb3.19&Prime; custom_padding=\u00a0\u00bb54px|0px|0|0px|false|false\u00a0\u00bb][et_pb_row _builder_version=\u00a0\u00bb3.19&Prime;][et_pb_column type=\u00a0\u00bb4_4&Prime; _builder_version=\u00a0\u00bb3.0.47&Prime;][et_pb_text _builder_version=\u00a0\u00bb3.19&Prime; text_font=\u00a0\u00bb|700|||||||\u00a0\u00bb custom_padding=\u00a0\u00bb||20px\u00a0\u00bb]<\/p>\n<h1 style=\"text-align: center;\"><strong>D\u00e9couvrez les <g class=\"gr_ gr_4 gr-alert gr_spell gr_inline_cards gr_run_anim ContextualSpelling ins-del multiReplace\" id=\"4\" data-gr-id=\"4\"><g class=\"gr_ gr_4 gr-alert gr_spell gr_inline_cards gr_run_anim ContextualSpelling ins-del multiReplace\" id=\"4\" data-gr-id=\"4\">avis <\/g><\/g> de <g class=\"gr_ gr_3 gr-alert gr_spell gr_inline_cards gr_run_anim ContextualSpelling ins-del multiReplace\" id=\"3\" data-gr-id=\"3\"><g class=\"gr_ gr_3 gr-alert gr_spell gr_inline_cards gr_run_anim ContextualSpelling ins-del multiReplace\" id=\"3\" data-gr-id=\"3\">nos<\/g><\/g> clients:<\/strong><\/h1>\n<p>[\/et_pb_text][et_pb_testimonial author=\u00a0\u00bbJasmin S.\u00a0\u00bb portrait_url=\u00a0\u00bbdata:image\/svg+xml;base64,PHN2ZyB3aWR0aD0iNTAwIiBoZWlnaHQ9IjUwMCIgdmlld0JveD0iMCAwIDUwMCA1MDAiIHhtbG5zPSJodHRwOi8vd3d3LnczLm9yZy8yMDAwL3N2ZyI+CiAgICA8ZyBmaWxsPSJub25lIiBmaWxsLXJ1bGU9ImV2ZW5vZGQiPgogICAgICAgIDxwYXRoIGZpbGw9IiNFQkVCRUIiIGQ9Ik0wIDBoNTAwdjUwMEgweiIvPgogICAgICAgIDxyZWN0IGZpbGwtb3BhY2l0eT0iLjEiIGZpbGw9IiMwMDAiIHg9IjY4IiB5PSIzMDUiIHdpZHRoPSIzNjQiIGhlaWdodD0iNTY4IiByeD0iMTgyIi8+CiAgICAgICAgPGNpcmNsZSBmaWxsLW9wYWNpdHk9Ii4xIiBmaWxsPSIjMDAwIiBjeD0iMjQ5IiBjeT0iMTcyIiByPSIxMDAiLz4KICAgIDwvZz4KPC9zdmc+Cg==\u00a0\u00bb _builder_version=\u00a0\u00bb3.19&Prime;]<\/p>\n<p>Tr\u00e8s satisfaite, j\u2019ai amen\u00e9 mes amis (hommes) qui sont \u00e9galement ressortis avec de super coupes&#8230;<\/p>\n<p>[\/et_pb_testimonial][et_pb_testimonial author=\u00a0\u00bbAnna K.\u00a0\u00bb portrait_url=\u00a0\u00bbdata:image\/svg+xml;base64,PHN2ZyB3aWR0aD0iNTAwIiBoZWlnaHQ9IjUwMCIgdmlld0JveD0iMCAwIDUwMCA1MDAiIHhtbG5zPSJodHRwOi8vd3d3LnczLm9yZy8yMDAwL3N2ZyI+CiAgICA8ZyBmaWxsPSJub25lIiBmaWxsLXJ1bGU9ImV2ZW5vZGQiPgogICAgICAgIDxwYXRoIGZpbGw9IiNFQkVCRUIiIGQ9Ik0wIDBoNTAwdjUwMEgweiIvPgogICAgICAgIDxyZWN0IGZpbGwtb3BhY2l0eT0iLjEiIGZpbGw9IiMwMDAiIHg9IjY4IiB5PSIzMDUiIHdpZHRoPSIzNjQiIGhlaWdodD0iNTY4IiByeD0iMTgyIi8+CiAgICAgICAgPGNpcmNsZSBmaWxsLW9wYWNpdHk9Ii4xIiBmaWxsPSIjMDAwIiBjeD0iMjQ5IiBjeT0iMTcyIiByPSIxMDAiLz4KICAgIDwvZz4KPC9zdmc+Cg==\u00a0\u00bb _builder_version=\u00a0\u00bb3.19&Prime;]<\/p>\n<p>Merci! Elles \u00e9taient toutes tr\u00e8s gentilles, j\u2019ai maintenant une jolie coupe, j\u2019ai \u00e9t\u00e9 bien conseill\u00e9e, travail soign\u00e9. Il faut pr\u00e9voir plus de temps par client, car les apprentis travaillent lentement. \u00c0 refaire \ud83d\ude42<\/p>\n<p>[\/et_pb_testimonial][et_pb_testimonial author=\u00a0\u00bbEmma B.\u00a0\u00bb portrait_url=\u00a0\u00bbdata:image\/svg+xml;base64,PHN2ZyB3aWR0aD0iNTAwIiBoZWlnaHQ9IjUwMCIgdmlld0JveD0iMCAwIDUwMCA1MDAiIHhtbG5zPSJodHRwOi8vd3d3LnczLm9yZy8yMDAwL3N2ZyI+CiAgICA8ZyBmaWxsPSJub25lIiBmaWxsLXJ1bGU9ImV2ZW5vZGQiPgogICAgICAgIDxwYXRoIGZpbGw9IiNFQkVCRUIiIGQ9Ik0wIDBoNTAwdjUwMEgweiIvPgogICAgICAgIDxyZWN0IGZpbGwtb3BhY2l0eT0iLjEiIGZpbGw9IiMwMDAiIHg9IjY4IiB5PSIzMDUiIHdpZHRoPSIzNjQiIGhlaWdodD0iNTY4IiByeD0iMTgyIi8+CiAgICAgICAgPGNpcmNsZSBmaWxsLW9wYWNpdHk9Ii4xIiBmaWxsPSIjMDAwIiBjeD0iMjQ5IiBjeT0iMTcyIiByPSIxMDAiLz4KICAgIDwvZz4KPC9zdmc+Cg==\u00a0\u00bb _builder_version=\u00a0\u00bb3.19&Prime;]<\/p>\n<p>La coiffeuse d\u2019Emma a bien pris en compte ses souhaits et le r\u00e9sultat \u00e9tait parfait!<\/p>\n<p>[\/et_pb_testimonial][\/et_pb_column][\/et_pb_row][\/et_pb_section][et_pb_section fb_built=\u00a0\u00bb1&Prime; prev_background_color=\u00a0\u00bb#ffffff\u00a0\u00bb next_background_color=\u00a0\u00bb#ffffff\u00a0\u00bb _builder_version=\u00a0\u00bb3.19.5&Prime; background_color=\u00a0\u00bb#4843d2&Prime; custom_padding=\u00a0\u00bb0|0px|0|0px|false|false\u00a0\u00bb][et_pb_row custom_padding=\u00a0\u00bb0px|0px|0px|0px\u00a0\u00bb make_equal=\u00a0\u00bbon\u00a0\u00bb padding_bottom_1=\u00a0\u00bb25px\u00a0\u00bb padding_1_last_edited=\u00a0\u00bbon|desktop\u00a0\u00bb _builder_version=\u00a0\u00bb3.19&Prime; background_color=\u00a0\u00bb#4843d2&Prime; saved_tabs=\u00a0\u00bball\u00a0\u00bb][et_pb_column type=\u00a0\u00bb4_4&Prime; _builder_version=\u00a0\u00bb3.0.47&Prime;][et_pb_text _builder_version=\u00a0\u00bb3.19.5&Prime; text_font_size=\u00a0\u00bb20px\u00a0\u00bb text_font_size_tablet=\u00a0\u00bb18px\u00a0\u00bb text_font_size_phone=\u00a0\u00bb16px\u00a0\u00bb text_font_size_last_edited=\u00a0\u00bbon|desktop\u00a0\u00bb text_letter_spacing=\u00a0\u00bb1px\u00a0\u00bb text_line_height=\u00a0\u00bb1.3em\u00a0\u00bb text_text_shadow_style=\u00a0\u00bbpreset5&Prime; header_font_size=\u00a0\u00bb36px\u00a0\u00bb header_font_size_tablet=\u00a0\u00bb28px\u00a0\u00bb header_font_size_phone=\u00a0\u00bb22px\u00a0\u00bb header_font_size_last_edited=\u00a0\u00bbon|phone\u00a0\u00bb header_text_shadow_style=\u00a0\u00bbpreset5&Prime; background_color=\u00a0\u00bb#7ebec5&Prime; text_orientation=\u00a0\u00bbcenter\u00a0\u00bb background_layout=\u00a0\u00bbdark\u00a0\u00bb custom_margin=\u00a0\u00bb40px|||\u00a0\u00bb custom_padding=\u00a0\u00bb40px|20px|40px|20px\u00a0\u00bb]<\/p>\n<h1 class=\"et_pb_module_header\" style=\"text-align: center;\">Confirmez votre rendez-vous d\u00e8s maintenant!<\/h1>\n<p style=\"text-align: center;\">Nos prestations \u00e0 prix fortement r\u00e9duit sont tr\u00e8s demand\u00e9es, cependant les places disponibles sont limit\u00e9es. Nous vous recommandons donc de prendre rendez-vous suffisamment t\u00f4t \u00e0 l\u2019aide du bouton \u00ab R\u00e9servez d\u00e8s maintenant \u00bb situ\u00e9 ci-dessous. Vous pourrez ainsi choisir la prestation d\u00e9sir\u00e9e, le jour et l\u2019heure.<\/p>\n<p>[\/et_pb_text][et_pb_cta button_url=\u00a0\u00bbhttps:\/\/outlook.office365.com\/owa\/calendar\/HairBeautyStudioLausanne@hairandbeautystudio.ch\/bookings\/\u00a0\u00bb url_new_window=\u00a0\u00bbon\u00a0\u00bb button_text=\u00a0\u00bbR\u00e9servez d\u00e8s maintenant et r\u00e9alisez de s\u00e9rieuses \u00e9conomies!\u00a0\u00bb _builder_version=\u00a0\u00bb3.19.14&Prime; header_font=\u00a0\u00bb|700|||||||\u00a0\u00bb header_font_size=\u00a0\u00bb26px\u00a0\u00bb body_font=\u00a0\u00bb||||||||\u00a0\u00bb body_font_size=\u00a0\u00bb14px\u00a0\u00bb body_font_size_last_edited=\u00a0\u00bbon|desktop\u00a0\u00bb background_color=\u00a0\u00bb#4843d2&Prime; background_size=\u00a0\u00bbinitial\u00a0\u00bb background_position=\u00a0\u00bbtop_left\u00a0\u00bb background_repeat=\u00a0\u00bbrepeat\u00a0\u00bb custom_button=\u00a0\u00bbon\u00a0\u00bb button_text_size=\u00a0\u00bb48px\u00a0\u00bb button_bg_color=\u00a0\u00bb#f92c8b\u00a0\u00bb button_border_width=\u00a0\u00bb0px\u00a0\u00bb button_border_radius=\u00a0\u00bb100px\u00a0\u00bb button_font=\u00a0\u00bb|700|||||||\u00a0\u00bb button_use_icon=\u00a0\u00bboff\u00a0\u00bb button_text_size_tablet=\u00a0\u00bb26px\u00a0\u00bb button_text_size_phone=\u00a0\u00bb18px\u00a0\u00bb button_text_size_last_edited=\u00a0\u00bbon|phone\u00a0\u00bb button_text_shadow_style=\u00a0\u00bbpreset2&Prime; box_shadow_style_button=\u00a0\u00bbpreset3&Prime; max_width_last_edited=\u00a0\u00bbon|phone\u00a0\u00bb custom_padding=\u00a0\u00bb|||\u00a0\u00bb custom_padding_last_edited=\u00a0\u00bboff|desktop\u00a0\u00bb button_text_color_hover=\u00a0\u00bb#ffffff\u00a0\u00bb button_bg_color_hover=\u00a0\u00bb#2cc2e6&Prime; saved_tabs=\u00a0\u00bball\u00a0\u00bb button_text_size__hover_enabled=\u00a0\u00bboff\u00a0\u00bb button_one_text_size__hover_enabled=\u00a0\u00bboff\u00a0\u00bb button_two_text_size__hover_enabled=\u00a0\u00bboff\u00a0\u00bb button_text_color__hover_enabled=\u00a0\u00bbon\u00a0\u00bb button_text_color__hover=\u00a0\u00bb#ffffff\u00a0\u00bb button_one_text_color__hover_enabled=\u00a0\u00bboff\u00a0\u00bb button_two_text_color__hover_enabled=\u00a0\u00bboff\u00a0\u00bb button_border_width__hover_enabled=\u00a0\u00bboff\u00a0\u00bb button_one_border_width__hover_enabled=\u00a0\u00bboff\u00a0\u00bb button_two_border_width__hover_enabled=\u00a0\u00bboff\u00a0\u00bb button_border_color__hover_enabled=\u00a0\u00bboff\u00a0\u00bb button_one_border_color__hover_enabled=\u00a0\u00bboff\u00a0\u00bb button_two_border_color__hover_enabled=\u00a0\u00bboff\u00a0\u00bb button_border_radius__hover_enabled=\u00a0\u00bboff\u00a0\u00bb button_one_border_radius__hover_enabled=\u00a0\u00bboff\u00a0\u00bb button_two_border_radius__hover_enabled=\u00a0\u00bboff\u00a0\u00bb button_letter_spacing__hover_enabled=\u00a0\u00bboff\u00a0\u00bb button_one_letter_spacing__hover_enabled=\u00a0\u00bboff\u00a0\u00bb button_two_letter_spacing__hover_enabled=\u00a0\u00bboff\u00a0\u00bb button_bg_color__hover_enabled=\u00a0\u00bbon\u00a0\u00bb button_bg_color__hover=\u00a0\u00bb#2cc2e6&Prime; button_one_bg_color__hover_enabled=\u00a0\u00bboff\u00a0\u00bb button_two_bg_color__hover_enabled=\u00a0\u00bboff\u00a0\u00bb][\/et_pb_cta][\/et_pb_column][\/et_pb_row][\/et_pb_section][et_pb_section fb_built=\u00a0\u00bb1&Prime; fullwidth=\u00a0\u00bbon\u00a0\u00bb prev_background_color=\u00a0\u00bb#4843d2&Prime; _builder_version=\u00a0\u00bb3.8&Prime;][et_pb_fullwidth_image src=\u00a0\u00bbhttps:\/\/hairandbeautystudio.ch\/wp-content\/uploads\/2018\/07\/AdobeStock_102499390.jpeg\u00a0\u00bb _builder_version=\u00a0\u00bb3.8&Prime;][\/et_pb_fullwidth_image][\/et_pb_section]<\/p>\n","protected":false},"excerpt":{"rendered":"<p>Afin que les \u00e9l\u00e8ves puissent acqu\u00e9rir de l\u2019exp\u00e9rience dans notre Beauty Academy, nous recherchons en permanence des mod\u00e8les souhaitant b\u00e9n\u00e9ficier de tarifs fortement r\u00e9duits. 50% de r\u00e9duction sur les prestations de coiffure classiques en vous portant volontaire comme mod\u00e8le dans notre \u00e9cole de coiffure La prestation sera donc effectu\u00e9e par une personne en formation sous [&hellip;]<\/p>\n","protected":false},"author":1,"featured_media":0,"parent":0,"menu_order":0,"comment_status":"closed","ping_status":"closed","template":"","meta":{"_et_pb_use_builder":"on","_et_pb_old_content":"","_et_gb_content_width":"","footnotes":""},"class_list":["post-1444","page","type-page","status-publish","hentry"],"_links":{"self":[{"href":"https:\/\/hairandbeautystudio.ch\/fr\/wp-json\/wp\/v2\/pages\/1444","targetHints":{"allow":["GET"]}}],"collection":[{"href":"https:\/\/hairandbeautystudio.ch\/fr\/wp-json\/wp\/v2\/pages"}],"about":[{"href":"https:\/\/hairandbeautystudio.ch\/fr\/wp-json\/wp\/v2\/types\/page"}],"author":[{"embeddable":true,"href":"https:\/\/hairandbeautystudio.ch\/fr\/wp-json\/wp\/v2\/users\/1"}],"replies":[{"embeddable":true,"href":"https:\/\/hairandbeautystudio.ch\/fr\/wp-json\/wp\/v2\/comments?post=1444"}],"version-history":[{"count":0,"href":"https:\/\/hairandbeautystudio.ch\/fr\/wp-json\/wp\/v2\/pages\/1444\/revisions"}],"wp:attachment":[{"href":"https:\/\/hairandbeautystudio.ch\/fr\/wp-json\/wp\/v2\/media?parent=1444"}],"curies":[{"name":"wp","href":"https:\/\/api.w.org\/{rel}","templated":true}]}}